{"id":295,"date":"2018-04-19T22:36:37","date_gmt":"2018-04-19T20:36:37","guid":{"rendered":"http:\/\/www.anne-lan.com\/?page_id=295"},"modified":"2021-05-06T21:43:14","modified_gmt":"2021-05-06T19:43:14","slug":"reproductions","status":"publish","type":"page","link":"https:\/\/www.anne-lan.com\/?page_id=295","title":{"rendered":"Reproductions"},"content":{"rendered":"<h3>Les Reproductions papier des oeuvres d&rsquo;Anne-Lan.<\/h3>\n<h4>Lithographie :<\/h4>\n<p>La lithographie est une technique d&rsquo;impression par d\u00e9pot d&rsquo;encres sur des pierres plates, qui sont ensuite press\u00e9e sur le papier.<\/p>\n<h4>Tirages \u00ab\u00a0Fine Art\u00a0\u00bb :<\/h4>\n<p>Syst\u00e8me PAO ou Impression Num\u00e9rique Haute D\u00e9finition permet de r\u00e9aliser une impression jet d\u2019encre &#8211; gouttelettes d\u2019encre de 3 microns &#8211; sans trame. Sur un papier au PH neutre, encre pigmentaire longue conservation. Les Tirages \u00ab\u00a0Fine Art\u00a0\u00bb sont sign\u00e9s et num\u00e9rot\u00e9s de 1 \u00e0 220.<\/p>\n<h5>Apparition (d&rsquo;apr\u00e8s Mallarm\u00e9)<\/h5>\n<div id=\"attachment_78\" style=\"width: 578px\" class=\"wp-caption alignnone\"><img loading=\"lazy\" decoding=\"async\" aria-describedby=\"caption-attachment-78\" class=\"wp-image-78 size-full\" src=\"https:\/\/www.anne-lan.com\/wp-content\/uploads\/2018\/01\/apparition.jpg\" alt=\"Apparition - Peinture sur soie \u00a9 Anne-Lan\" width=\"568\" height=\"857\" srcset=\"https:\/\/www.anne-lan.com\/wp-content\/uploads\/2018\/01\/apparition.jpg 568w, https:\/\/www.anne-lan.com\/wp-content\/uploads\/2018\/01\/apparition-199x300.jpg 199w\" sizes=\"auto, (max-width: 568px) 100vw, 568px\" \/><p id=\"caption-attachment-78\" class=\"wp-caption-text\">Apparition &#8211; Peinture sur soie \u00a9 Anne-Lan<\/p><\/div>\n<p>104&#215;70 cm. (Prix :<a href=\"https:\/\/www.anne-lan.com\/?page_id=6\"> contacter l&rsquo;artiste<\/a> )<br \/>\nTirage \u00ab\u00a0Fine Art\u00a0\u00bb . Tirages limit\u00e9s, exemplaires num\u00e9rot\u00e9s (de 1 \u00e0 220).<\/p>\n<p>D\u00e9lai de commande variable\u00a0: d\u2019un mois \u00e0 deux mois, selon la disponibilit\u00e9 du fabricant.<br \/>\nFrais d\u2019envoi\u00a0variables aussi selon le nombre d\u2019exemplaires, donc le poids, et selon le pays.<\/p>\n<h5>Diktynna, d\u00e9esse cr\u00e9toise<\/h5>\n<div id=\"attachment_110\" style=\"width: 610px\" class=\"wp-caption alignnone\"><img loading=\"lazy\" decoding=\"async\" aria-describedby=\"caption-attachment-110\" class=\"wp-image-110 size-full\" src=\"https:\/\/www.anne-lan.com\/wp-content\/uploads\/2018\/01\/diktynna.jpg\" alt=\"Diktynna - Peinture sur soie \u00a9 Anne-Lan\" width=\"600\" height=\"798\" srcset=\"https:\/\/www.anne-lan.com\/wp-content\/uploads\/2018\/01\/diktynna.jpg 600w, https:\/\/www.anne-lan.com\/wp-content\/uploads\/2018\/01\/diktynna-226x300.jpg 226w\" sizes=\"auto, (max-width: 600px) 100vw, 600px\" \/><p id=\"caption-attachment-110\" class=\"wp-caption-text\">Diktynna &#8211; Peinture sur soie \u00a9 Anne-Lan<\/p><\/div>\n<p>86&#215;70 cm. (Prix : <a href=\"https:\/\/www.anne-lan.com\/?page_id=6\">contacter l&rsquo;artiste<\/a>)<br \/>\nTirage \u00ab\u00a0Fine Art\u00a0\u00bb . Tirages limit\u00e9s, exemplaires num\u00e9rot\u00e9s (de 1 \u00e0 220).<\/p>\n<p>D\u00e9lai de commande variable\u00a0: d\u2019un mois \u00e0 deux mois, selon la disponibilit\u00e9 du fabricant.<br \/>\nFrais d\u2019envoi\u00a0variables aussi selon le nombre d\u2019exemplaires, donc le poids, et selon le pays.<\/p>\n<h5>L&rsquo;Invitation au Voyage III<\/h5>\n<div id=\"attachment_84\" style=\"width: 543px\" class=\"wp-caption alignnone\"><img loading=\"lazy\" decoding=\"async\" aria-describedby=\"caption-attachment-84\" class=\"wp-image-84 size-full\" src=\"https:\/\/www.anne-lan.com\/wp-content\/uploads\/2018\/01\/invitation_au_voyage_iii.jpg\" alt=\"Invitation au Voyage III - Peinture sur soie \u00a9 Anne-Lan\" width=\"533\" height=\"522\" srcset=\"https:\/\/www.anne-lan.com\/wp-content\/uploads\/2018\/01\/invitation_au_voyage_iii.jpg 533w, https:\/\/www.anne-lan.com\/wp-content\/uploads\/2018\/01\/invitation_au_voyage_iii-300x294.jpg 300w\" sizes=\"auto, (max-width: 533px) 100vw, 533px\" \/><p id=\"caption-attachment-84\" class=\"wp-caption-text\">Invitation au Voyage III &#8211; Peinture sur soie \u00a9 Anne-Lan<\/p><\/div>\n<p>107&#215;70 cm. (Prix : <a href=\"https:\/\/www.anne-lan.com\/?page_id=6\">contacter l&rsquo;artiste<\/a> )<br \/>\nTirage \u00ab\u00a0Fine Art\u00a0\u00bb . Tirages limit\u00e9s, exemplaires num\u00e9rot\u00e9s (de 1 \u00e0 220).<\/p>\n<p>D\u00e9lai de commande variable\u00a0: d\u2019un mois \u00e0 deux mois, selon la disponibilit\u00e9 du fabricant.<br \/>\nFrais d\u2019envoi\u00a0variables aussi selon le nombre d\u2019exemplaires, donc le poids, et selon le pays.<\/p>\n<h5>La Naissance du Monde<\/h5>\n<div id=\"attachment_114\" style=\"width: 610px\" class=\"wp-caption alignnone\"><img loading=\"lazy\" decoding=\"async\" aria-describedby=\"caption-attachment-114\" class=\"wp-image-114 size-full\" src=\"https:\/\/www.anne-lan.com\/wp-content\/uploads\/2018\/01\/la_naissance_du_monde_w.jpg\" alt=\"La Naissance du Monde - Peinture sur soie \u00a9 Anne-Lan\" width=\"600\" height=\"957\" srcset=\"https:\/\/www.anne-lan.com\/wp-content\/uploads\/2018\/01\/la_naissance_du_monde_w.jpg 600w, https:\/\/www.anne-lan.com\/wp-content\/uploads\/2018\/01\/la_naissance_du_monde_w-188x300.jpg 188w\" sizes=\"auto, (max-width: 600px) 100vw, 600px\" \/><p id=\"caption-attachment-114\" class=\"wp-caption-text\">La Naissance du Monde &#8211; Peinture sur soie \u00a9 Anne-Lan<\/p><\/div>\n<p>107&#215;70 cm. (Prix : <a href=\"https:\/\/www.anne-lan.com\/?page_id=6\">contacter l&rsquo;artiste<\/a> )<br \/>\nTirage \u00ab\u00a0Fine Art\u00a0\u00bb . Tirages limit\u00e9s, exemplaires num\u00e9rot\u00e9s (de 1 \u00e0 220).<\/p>\n<p>D\u00e9lai de commande variable\u00a0: d\u2019un mois \u00e0 deux mois, selon la disponibilit\u00e9 du fabricant.<br \/>\nFrais d\u2019envoi\u00a0variables aussi selon le nombre d\u2019exemplaires, donc le poids, et selon le pays.<\/p>\n<h5>La R\u00e9publique Ma\u00e7onnique<\/h5>\n<div id=\"attachment_94\" style=\"width: 472px\" class=\"wp-caption alignnone\"><img loading=\"lazy\" decoding=\"async\" aria-describedby=\"caption-attachment-94\" class=\"wp-image-94 size-full\" src=\"https:\/\/www.anne-lan.com\/wp-content\/uploads\/2018\/01\/la_republique.jpg\" alt=\"La R\u00e9publique - Peinture sur soie \u00a9 Anne-Lan\" width=\"462\" height=\"626\" srcset=\"https:\/\/www.anne-lan.com\/wp-content\/uploads\/2018\/01\/la_republique.jpg 462w, https:\/\/www.anne-lan.com\/wp-content\/uploads\/2018\/01\/la_republique-221x300.jpg 221w\" sizes=\"auto, (max-width: 462px) 100vw, 462px\" \/><p id=\"caption-attachment-94\" class=\"wp-caption-text\">La R\u00e9publique ma\u00e7onnique &#8211; Peinture sur soie \u00a9 Anne-Lan<\/p><\/div>\n<p>95&#215;70 cm. (Prix : <a href=\"https:\/\/www.anne-lan.com\/?page_id=6\">contacter l&rsquo;artiste<\/a> )<br \/>\nTirage \u00ab\u00a0Fine Art\u00a0\u00bb . Tirages limit\u00e9s, exemplaires num\u00e9rot\u00e9s (de 1 \u00e0 220).<\/p>\n<p>D\u00e9lai de commande variable\u00a0: d\u2019un mois \u00e0 deux mois, selon la disponibilit\u00e9 du fabricant.<br \/>\nFrais d\u2019envoi\u00a0variables aussi selon le nombre d\u2019exemplaires, donc le poids, et selon le pays.<\/p>\n<h5>Le Vent<\/h5>\n<div id=\"attachment_89\" style=\"width: 610px\" class=\"wp-caption alignnone\"><img loading=\"lazy\" decoding=\"async\" aria-describedby=\"caption-attachment-89\" class=\"wp-image-89 size-full\" src=\"https:\/\/www.anne-lan.com\/wp-content\/uploads\/2018\/01\/le_vent.jpg\" alt=\"Le Vent - Peinture sur soie \u00a9 Anne-Lan\" width=\"600\" height=\"533\" srcset=\"https:\/\/www.anne-lan.com\/wp-content\/uploads\/2018\/01\/le_vent.jpg 600w, https:\/\/www.anne-lan.com\/wp-content\/uploads\/2018\/01\/le_vent-300x267.jpg 300w\" sizes=\"auto, (max-width: 600px) 100vw, 600px\" \/><p id=\"caption-attachment-89\" class=\"wp-caption-text\">Le Vent &#8211; Peinture sur soie \u00a9 Anne-Lan<\/p><\/div>\n<p>80&#215;70 cm. (Prix : <a href=\"https:\/\/www.anne-lan.com\/?page_id=6\">contacter l&rsquo;artiste<\/a> )<br \/>\nTirage \u00ab\u00a0Fine Art\u00a0\u00bb . Tirages limit\u00e9s, exemplaires num\u00e9rot\u00e9s (de 1 \u00e0 220).<\/p>\n<p>D\u00e9lai de commande variable\u00a0: d\u2019un mois \u00e0 deux mois, selon la disponibilit\u00e9 du fabricant.<br \/>\nFrais d\u2019envoi\u00a0variables aussi selon le nombre d\u2019exemplaires, donc le poids, et selon le pays.<\/p>\n<h5>Les Orientales<\/h5>\n<div id=\"attachment_92\" style=\"width: 610px\" class=\"wp-caption alignnone\"><img loading=\"lazy\" decoding=\"async\" aria-describedby=\"caption-attachment-92\" class=\"wp-image-92 size-full\" src=\"https:\/\/www.anne-lan.com\/wp-content\/uploads\/2018\/01\/les_orientales_w.jpg\" alt=\"Les Orientales - Peinture sur soie \u00a9 Anne-Lan\" width=\"600\" height=\"825\" srcset=\"https:\/\/www.anne-lan.com\/wp-content\/uploads\/2018\/01\/les_orientales_w.jpg 600w, https:\/\/www.anne-lan.com\/wp-content\/uploads\/2018\/01\/les_orientales_w-218x300.jpg 218w\" sizes=\"auto, (max-width: 600px) 100vw, 600px\" \/><p id=\"caption-attachment-92\" class=\"wp-caption-text\">Les Orientales &#8211; Peinture sur soie \u00a9 Anne-Lan<\/p><\/div>\n<p>97&#215;70 cm. (Prix : <a href=\"https:\/\/www.anne-lan.com\/?page_id=6\">contacter l&rsquo;artiste<\/a> )<br \/>\nTirage \u00ab\u00a0Fine Art\u00a0\u00bb . Tirages limit\u00e9s, exemplaires num\u00e9rot\u00e9s (de 1 \u00e0 220).<\/p>\n<p>D\u00e9lai de commande variable\u00a0: d\u2019un mois \u00e0 deux mois, selon la disponibilit\u00e9 du fabricant.<br \/>\nFrais d\u2019envoi\u00a0variables aussi selon le nombre d\u2019exemplaires, donc le poids, et selon le pays.<\/p>\n<h5>L\u2019Enl\u00e8vement de Pers\u00e9phone<\/h5>\n<div id=\"attachment_111\" style=\"width: 323px\" class=\"wp-caption alignnone\"><img loading=\"lazy\" decoding=\"async\" aria-describedby=\"caption-attachment-111\" class=\"wp-image-111 size-full\" src=\"https:\/\/www.anne-lan.com\/wp-content\/uploads\/2018\/01\/enlevement_de_persephone.jpg\" alt=\"Enl\u00e8vement de Pers\u00e9phone - Peinture sur soie \u00a9 Anne-Lan\" width=\"313\" height=\"512\" srcset=\"https:\/\/www.anne-lan.com\/wp-content\/uploads\/2018\/01\/enlevement_de_persephone.jpg 313w, https:\/\/www.anne-lan.com\/wp-content\/uploads\/2018\/01\/enlevement_de_persephone-183x300.jpg 183w\" sizes=\"auto, (max-width: 313px) 100vw, 313px\" \/><p id=\"caption-attachment-111\" class=\"wp-caption-text\">Enl\u00e8vement de Pers\u00e9phone &#8211; Peinture sur soie \u00a9 Anne-Lan<\/p><\/div>\n<p>18 couleurs, 104&#215;70 cm. (Prix : <a href=\"https:\/\/www.anne-lan.com\/?page_id=6\">contacter l&rsquo;artiste<\/a> )<br \/>\nLithographie. Tirages limit\u00e9s, exemplaires num\u00e9rot\u00e9s.<br \/>\nPlus que quelques num\u00e9ros.<\/p>\n<h5>L&rsquo;Invitation au Voyage I<\/h5>\n<div id=\"attachment_82\" style=\"width: 545px\" class=\"wp-caption alignnone\"><img loading=\"lazy\" decoding=\"async\" aria-describedby=\"caption-attachment-82\" class=\"wp-image-82 size-full\" src=\"https:\/\/www.anne-lan.com\/wp-content\/uploads\/2018\/01\/invitation_au_voyage_i.jpg\" alt=\"Invitation au Voyage I - Peinture sur soie \u00a9 Anne-Lan\" width=\"535\" height=\"497\" srcset=\"https:\/\/www.anne-lan.com\/wp-content\/uploads\/2018\/01\/invitation_au_voyage_i.jpg 535w, https:\/\/www.anne-lan.com\/wp-content\/uploads\/2018\/01\/invitation_au_voyage_i-300x279.jpg 300w\" sizes=\"auto, (max-width: 535px) 100vw, 535px\" \/><p id=\"caption-attachment-82\" class=\"wp-caption-text\">Invitation au Voyage I &#8211; Peinture sur soie \u00a9 Anne-Lan<\/p><\/div>\n<p>18 couleurs, 68&#215;59 cm. (Prix : <a href=\"https:\/\/www.anne-lan.com\/?page_id=6\">contacter l&rsquo;artiste<\/a> )<br \/>\nLithographie. Tirages limit\u00e9s, exemplaires num\u00e9rot\u00e9s.<\/p>\n<h5>R\u00eave de chat<\/h5>\n<div id=\"attachment_91\" style=\"width: 524px\" class=\"wp-caption alignnone\"><img loading=\"lazy\" decoding=\"async\" aria-describedby=\"caption-attachment-91\" class=\"wp-image-91 size-full\" src=\"https:\/\/www.anne-lan.com\/wp-content\/uploads\/2018\/01\/reve_de_chat.jpg\" alt=\"R\u00eave de chat - Peinture sur soie \u00a9 Anne-Lan\" width=\"514\" height=\"366\" srcset=\"https:\/\/www.anne-lan.com\/wp-content\/uploads\/2018\/01\/reve_de_chat.jpg 514w, https:\/\/www.anne-lan.com\/wp-content\/uploads\/2018\/01\/reve_de_chat-300x214.jpg 300w\" sizes=\"auto, (max-width: 514px) 100vw, 514px\" \/><p id=\"caption-attachment-91\" class=\"wp-caption-text\">R\u00eave de chat &#8211; Peinture sur soie \u00a9 Anne-Lan<\/p><\/div>\n<p>15 couleurs, 84&#215;60 cm. (Prix : <a href=\"https:\/\/www.anne-lan.com\/?page_id=6\">contacter l&rsquo;artiste<\/a> )<br \/>\nLithographie. Tirages limit\u00e9s, exemplaires num\u00e9rot\u00e9s.<\/p>\n","protected":false},"excerpt":{"rendered":"<p>Les Reproductions papier des oeuvres d&rsquo;Anne-Lan. Lithographie : La lithographie est une technique d&rsquo;impression par d\u00e9pot d&rsquo;encres sur des pierres plates, qui sont ensuite press\u00e9e sur le papier. Tirages \u00ab\u00a0Fine Art\u00a0\u00bb : Syst\u00e8me PAO ou Impression Num\u00e9rique Haute D\u00e9finition permet&#8230; <a class=\"more-link\" href=\"https:\/\/www.anne-lan.com\/?page_id=295\">Continue Reading &rarr;<\/a><\/p>\n","protected":false},"author":1,"featured_media":114,"parent":0,"menu_order":0,"comment_status":"closed","ping_status":"closed","template":"","meta":{"footnotes":""},"class_list":["post-295","page","type-page","status-publish","has-post-thumbnail","hentry"],"_links":{"self":[{"href":"https:\/\/www.anne-lan.com\/index.php?rest_route=\/wp\/v2\/pages\/295","targetHints":{"allow":["GET"]}}],"collection":[{"href":"https:\/\/www.anne-lan.com\/index.php?rest_route=\/wp\/v2\/pages"}],"about":[{"href":"https:\/\/www.anne-lan.com\/index.php?rest_route=\/wp\/v2\/types\/page"}],"author":[{"embeddable":true,"href":"https:\/\/www.anne-lan.com\/index.php?rest_route=\/wp\/v2\/users\/1"}],"replies":[{"embeddable":true,"href":"https:\/\/www.anne-lan.com\/index.php?rest_route=%2Fwp%2Fv2%2Fcomments&post=295"}],"version-history":[{"count":3,"href":"https:\/\/www.anne-lan.com\/index.php?rest_route=\/wp\/v2\/pages\/295\/revisions"}],"predecessor-version":[{"id":530,"href":"https:\/\/www.anne-lan.com\/index.php?rest_route=\/wp\/v2\/pages\/295\/revisions\/530"}],"wp:featuredmedia":[{"embeddable":true,"href":"https:\/\/www.anne-lan.com\/index.php?rest_route=\/wp\/v2\/media\/114"}],"wp:attachment":[{"href":"https:\/\/www.anne-lan.com\/index.php?rest_route=%2Fwp%2Fv2%2Fmedia&parent=295"}],"curies":[{"name":"wp","href":"https:\/\/api.w.org\/{rel}","templated":true}]}}