{"id":147,"date":"2018-01-13T21:57:43","date_gmt":"2018-01-13T20:57:43","guid":{"rendered":"https:\/\/annelan494353677.wordpress.com\/?page_id=147"},"modified":"2021-05-06T21:41:25","modified_gmt":"2021-05-06T19:41:25","slug":"biographie","status":"publish","type":"page","link":"https:\/\/www.anne-lan.com\/?page_id=147","title":{"rendered":"Biographie"},"content":{"rendered":"<p><strong>ANNE<\/strong>&#8211;<strong>LAN<\/strong><\/p>\n<p>ANNE-LAN est eurasienne. N\u00e9e en 1943 en Corr\u00e8ze, ses parents \u00e9taient m\u00e9decins \u00e0 Perpezac-le-Blanc et elle a gard\u00e9 un profond attachement \u00e0 ses racines. Elle a v\u00e9cu \u00e0 Paris pendant cinquante ans et y a construit sa vie d\u2019artiste mais venait souvent \u00e0 Brive o\u00f9 elle avait son atelier d&rsquo;\u00e9t\u00e9. D\u00e9sormais, elle y r\u00e9side en permanence et s\u2019en r\u00e9jouit !<\/p>\n<p>D\u00e8s 1978 une carri\u00e8re artistique\u00a0 rapide et vari\u00e9e l&rsquo;a amen\u00e9e \u00e0 exposer en groupe dans les grands salons parisiens et \u00e9trangers. Puis dans des lieux de prestige, avec des expositions \u00e0 titre personnel : \u00a0 \u00a0 \u00a0 \u00a0 \u00a0 \u00a0 \u00a0 \u00a0 \u00a0 \u00a0\u00a0\u00a0 En province, aux Mus\u00e9es de Brive , Tulle , Biarritz, \u00e0 Paris exposition sur les \u00ab\u00a0Cinq sens\u00a0\u00bbavec 2000 invit\u00e9s pr\u00e9sents au vernissage et elle est m\u00eame all\u00e9e jusqu&rsquo;en Afrique, au Gabon! Elle a amen\u00e9 en Chine une grande exposition \u00ab\u00a0L&rsquo;Invitation au Voyage\u00a0\u00bb, pr\u00e9sent\u00e9e d&rsquo;abord \u00e0 Paris, puis \u00e0 Venise et enfin au \u00ab\u00a0Mus\u00e9e de l&rsquo;Histoire de la Ville de Shanghai\u00a0\u00bb en 1997, avec le parrainage de l&rsquo;Unesco, du Minist\u00e8re des Affaires \u00e9trang\u00e8res et de nombreux partenaires financiers.<\/p>\n<p>Sp\u00e9cialiste de la peinture sur soie, invit\u00e9e comme \u00ab\u00a0peintre par excellence\u00a0\u00bb au premier Congr\u00e8s mondial de peinture sur soie \u00e0 Washington, elle peint de grandes \u0153uvres d\u00e9licates et raffin\u00e9es\u00a0 sur des th\u00e8mes de mythologie ou de po\u00e9sie. Elle\u00a0 les expose en g\u00e9n\u00e9ral \u00e0 travers des manifestations culturelles complexes, dans des lieux importants : Plusieurs grandes Mairies de Paris (4<sup>\u00e8me<\/sup>, 16<sup>\u00e8me<\/sup>, 9<sup>\u00e8me<\/sup>), le Minist\u00e8re des Finances de Bercy, des ch\u00e2teaux, des abbayes , toutes sortes de lieu de culture\u2026<\/p>\n<p>D\u00e8s 1988, elle m\u00eale diff\u00e9rentes formes d&rsquo;Art \u00e0 ses tableaux : po\u00e9sie, musique, danse, th\u00e9\u00e2tre\u2026\u00a0\u00a0\u00a0\u00a0\u00a0\u00a0\u00a0\u00a0\u00a0\u00a0\u00a0\u00a0\u00a0\u00a0\u00a0\u00a0 <strong>En 2001<\/strong>, elle introduit les Sciences lorsqu&rsquo;elle c\u00e9l\u00e8bre \u00e0 Paris, \u00e0 la mairie du 9\u00e8me, puis \u00e0 Brive, l&rsquo;entr\u00e9e dans le troisi\u00e8me mill\u00e9naire avec \u00ab\u00a0Apollon et les Muses\u00a0\u00bb\u00a0: Vingt-huit \u00e9v\u00e9nements artistiques ou scientifiques autour de ses \u0153uvres ont conquis l&rsquo;approbation du public. Cette manifestation\u00a0 parrain\u00e9e par l&rsquo;Unesco s&rsquo;est av\u00e9r\u00e9e si positive, qu&rsquo;elle a d\u00e9cid\u00e9, avec l&rsquo;aide et l&rsquo;appui de l&rsquo;association R\u00e9cr\u00e9asciences CCSTI Limousin, d&rsquo;\u00e9tendre cette initiative \u00e0 toute la R\u00e9gion du Limousin.<\/p>\n<p><u>Ainsi \u00e0 partir de 2007, les trois d\u00e9partements sont entr\u00e9s dans cette belle exp\u00e9rience : \u00ab Arts et Sciences en Limousin, Regards crois\u00e9s Nature et Culture \u00bb.<\/u><\/p>\n<p>Soixante-dix villes <u>la premi\u00e8re ann\u00e9e<\/u> ont c\u00e9l\u00e9br\u00e9 le tricentenaire des naturalistes Linn\u00e9 et Buffon mettant en lumi\u00e8re aussi bien les Mus\u00e9es ou les m\u00e9diath\u00e8ques que les jardins et les arboretums\u2026. Scientifiques et artistes du pass\u00e9, m\u00eal\u00e9s aux artistes contemporains, tissaient des liens qui ont enchant\u00e9 les visiteurs.\u00a0 Biennale se d\u00e9roulant du printemps \u00e0 l\u2019hiver.<\/p>\n<p>En <strong>2009<\/strong> Darwin et Lamarck ont pris la suite\u00a0 avec succ\u00e8s, <u>et <strong>2011<\/strong><\/u> s\u2019est d\u00e9roul\u00e9 dans le plaisir et l&rsquo;enthousiasme, avec Bougainville, Isidore Geoffroy St Hilaire et les fr\u00e8res Perrier n\u00e9s \u00e0 Tulle : Quatre mille visiteurs pour la seule exposition de Beaulieu, \u00e0 la Chapelle des P\u00e9nitents : \u00ab Monstres de Pierre \u00bbillustrant le mot\u00a0 \u00ab\u00a0t\u00e9ratologie\u00a0\u00bb. La r\u00e9gion s\u2019est parsem\u00e9e d\u2019\u00e9v\u00e9nements et de F\u00eates de la Nature conviviales et savantes.<\/p>\n<p><strong>En 2013<\/strong>, les th\u00e8mes propos\u00e9s \u00e9taient\u00a0: 1613 Le N\u00f4tre le grand jardinier de Louis XIV, 1713\u00a0Diderot et l\u2019Encyclop\u00e9die. Plus d\u2019une cinquantaine d\u2019\u00e9v\u00e9nements ont pu se succ\u00e9der.<\/p>\n<p><strong>En 2015<\/strong> elle a pr\u00e9sent\u00e9 au Conseil G\u00e9n\u00e9ral de la Corr\u00e8ze, une exposition en l\u2019honneur de J.-H. Fabre: grand entomologiste, humaniste, homme de lettre fran\u00e7ais, le Japon et les Etats-Unis nous l\u2019envient. Jeanne Villepreux-Power, femme de Science et artiste corr\u00e9zienne \u00e9tait associ\u00e9e \u00e0 cet \u00e9v\u00e9nement. De nombreuses villes de la r\u00e9gion ont particip\u00e9: A la mairie d&rsquo; Aubusson, plus de 5000 visiteurs<u>.<\/u><\/p>\n<p><a href=\"https:\/\/drive.google.com\/open?id=0B43lkBdCWdzcNWpuajQ4VUQycUE&amp;authuser=0\">Dossier PRESSE Arts et Sciences en Limousin 2015<\/a><\/p>\n<p><strong>En 2016<\/strong> elle a \u00e9t\u00e9 invit\u00e9e par les organisateurs du \u00ab\u00a0Festival International de l\u2019Art de la Route de la Soie de Dunhuang\u00a0\u00bb, \u00e0 exposer ses tableaux qui ont \u00e9t\u00e9 tr\u00e8s appr\u00e9ci\u00e9s par le public chinois.<\/p>\n<style>      div.simple-google-photos-grid {\n        width:100%;\n        height:100%;\n        overflow:hidden;      \n      }\n      div.simple-google-photos-grid-cell {\n        box-sizing:border-box;\n        padding:5px;\n        float:left;\n      }\n      img.simple-google-photos-grid-image {\n        object-fit: cover;\n      }<\/style><div class=\"simple-google-photos-grid\"><div class=\"simple-google-photos-grid-cell\" style=\"width:50%\"><a href=\"https:\/\/goo.gl\/photos\/xoMTKxM8GkhYLocMA\" target=\"_blank\"><img decoding=\"async\" src=\"https:\/\/lh3.googleusercontent.com\/pw\/AP1GczMpse_8XXraE8OuXllHzVsja8qfRR2_UW8LDUi4RJ2SA2uqyuXi6T90JiEpxoyCK8Qe4lkd4wJfDbQiaQy0TuQLpjkl38MyHOEX6_jJu6SeJKHamEU\" alt=\"Google Photo\" class=\"simple-google-photos-grid-image\"><\/a><\/div><div class=\"simple-google-photos-grid-cell\" style=\"width:50%\"><a href=\"https:\/\/goo.gl\/photos\/xoMTKxM8GkhYLocMA\" target=\"_blank\"><img decoding=\"async\" src=\"https:\/\/lh3.googleusercontent.com\/pw\/AP1GczOumG5xj7ABMOGm8EyRnj76-Az67Kr0rXAGLMqbIu1gtKaZz_UHpPgnPNF9n2CyR_WShupu6yoR5LgRC3jWxf238ttgSvSJ0hlP_lSzHeKxJ5Q_6fg\" alt=\"Google Photo\" class=\"simple-google-photos-grid-image\"><\/a><\/div><\/div><script>      (function() {\n        if( window.jQuery ){\n          jQuery( document ).ready(function() {\n            jQuery(\"div.simple-google-photos-grid\").each(function(i){\n              var container = jQuery(this);\n              var width = container.find(\"div.simple-google-photos-grid-cell\").first().width();\n              container.find(\"img.simple-google-photos-grid-image\").css(\"width\", width).css(\"height\", width);          \n            });          \n          });\n        }\n      })();<\/script>\n<p><strong> En 2017<\/strong>, Anne-Lan a mis en valeur Maria Sibylla M\u00e9rian , disparue en 1717, peintre et entomologiste c\u00e9l\u00e8bre a son \u00e9poque, on la consid\u00e8re comme la\u00a0 M\u00e8re de l\u2019Ecologie.<\/p>\n<p><strong>En 2018<\/strong>, plusieurs expositions autour de Jeanne Villepreux-Power en Corr\u00e8ze, pour les 200 ans de son mariage \u00e0 Messine avec James Power. Devenant une lady, elle a pu\u00a0 se consacrer \u00e0 l&rsquo;\u00e9tude des sciences, inventer les aquariums et elle a r\u00e9ussi \u00e0 \u00eatre membres correspondant de 15 Soci\u00e9t\u00e9s ou Acad\u00e9mies des sciences d&rsquo;Europe. Elle a r\u00e9alis\u00e9 un guide de la Sicile si remarquable qu&rsquo;il sert encore de r\u00e9f\u00e9rence.<\/p>\n<p><strong>En 2019<\/strong> , Deux expositions \u00e0 l&rsquo;automne consacr\u00e9es au remarquable Alexander von Humboldt, pr\u00e9curseur de l&rsquo;Ecologie et \u00ab\u00a0g\u00e9nie de tous les savoirs\u00a0\u00bb. A Tulle salle Latreille fin Septembre puis \u00e0 Brive en Novembre \u00e0 la Chapelle de la Providence. Nombreuses conf\u00e9rences .Certains des documents expos\u00e9s provenaient du MNHN de Paris.<\/p>\n<p><strong>En 2020<\/strong> , au mois d&rsquo;octobre, une exposition personnelle d&rsquo;Anne-Lan \u00e0 la Chapelle St Lib\u00e9rale de Brive a pu avoir lieu. R\u00e9trospective de 40 ans de peinture sur Soie. Interrompue par le confinement du Covid 19, elle a cependant re\u00e7ue plus de 1200 visiteurs en 10 jours et a connu un grand succ\u00e8s!<\/p>\n<p><strong>En 2015 Anne-Lan a \u00e9t\u00e9 nomm\u00e9e Chevalier des Arts et Lettres par le Minist\u00e8re de la Culture pour la discipline de peinture sur soie. Mais elle est \u00e9galement <\/strong><strong>Soci\u00e9taire de la Soci\u00e9t\u00e9 Nationale des Beaux-Arts, a particip\u00e9 pendant 20 ans au Salon Comparaisons, au Salon des Ind\u00e9pendants\u2026.. Nombreuses r\u00e9compenses dont M\u00e9daille d&rsquo;or du Festival International d&rsquo;Osaka, M\u00e9daille d&rsquo;argent de celui du Mus\u00e9e de Kyoto, M\u00e9daille d&rsquo;or du salon International de peinture et calligraphie de Shanghai, M\u00e9daille de Vermeil de la Ville de Paris, Grande m\u00e9daille de Vermeil \u00ab Arts Sciences et Lettres \u00bb<\/strong><\/p>\n","protected":false},"excerpt":{"rendered":"<p>ANNE&#8211;LAN ANNE-LAN est eurasienne. N\u00e9e en 1943 en Corr\u00e8ze, ses parents \u00e9taient m\u00e9decins \u00e0 Perpezac-le-Blanc et elle a gard\u00e9 un profond attachement \u00e0 ses racines. Elle a v\u00e9cu \u00e0 Paris pendant cinquante ans et y a construit sa vie d\u2019artiste&#8230; <a class=\"more-link\" href=\"https:\/\/www.anne-lan.com\/?page_id=147\">Continue Reading &rarr;<\/a><\/p>\n","protected":false},"author":1,"featured_media":148,"parent":0,"menu_order":0,"comment_status":"closed","ping_status":"closed","template":"","meta":{"footnotes":""},"class_list":["post-147","page","type-page","status-publish","has-post-thumbnail","hentry"],"_links":{"self":[{"href":"https:\/\/www.anne-lan.com\/index.php?rest_route=\/wp\/v2\/pages\/147","targetHints":{"allow":["GET"]}}],"collection":[{"href":"https:\/\/www.anne-lan.com\/index.php?rest_route=\/wp\/v2\/pages"}],"about":[{"href":"https:\/\/www.anne-lan.com\/index.php?rest_route=\/wp\/v2\/types\/page"}],"author":[{"embeddable":true,"href":"https:\/\/www.anne-lan.com\/index.php?rest_route=\/wp\/v2\/users\/1"}],"replies":[{"embeddable":true,"href":"https:\/\/www.anne-lan.com\/index.php?rest_route=%2Fwp%2Fv2%2Fcomments&post=147"}],"version-history":[{"count":6,"href":"https:\/\/www.anne-lan.com\/index.php?rest_route=\/wp\/v2\/pages\/147\/revisions"}],"predecessor-version":[{"id":528,"href":"https:\/\/www.anne-lan.com\/index.php?rest_route=\/wp\/v2\/pages\/147\/revisions\/528"}],"wp:featuredmedia":[{"embeddable":true,"href":"https:\/\/www.anne-lan.com\/index.php?rest_route=\/wp\/v2\/media\/148"}],"wp:attachment":[{"href":"https:\/\/www.anne-lan.com\/index.php?rest_route=%2Fwp%2Fv2%2Fmedia&parent=147"}],"curies":[{"name":"wp","href":"https:\/\/api.w.org\/{rel}","templated":true}]}}