{"id":144,"date":"2018-01-13T21:49:16","date_gmt":"2018-01-13T20:49:16","guid":{"rendered":"https:\/\/annelan494353677.wordpress.com\/?page_id=144"},"modified":"2018-01-13T21:49:16","modified_gmt":"2018-01-13T20:49:16","slug":"techniques-de-la-peinture-sur-soie","status":"publish","type":"page","link":"https:\/\/www.anne-lan.com\/?page_id=144","title":{"rendered":"Techniques de la Peinture sur soie"},"content":{"rendered":"<h1>Les diff\u00e9rentes \u00e9tapes de la Peinture sur Soie<\/h1>\n\n\t\t<style type=\"text\/css\">\n\t\t\t#gallery-1 {\n\t\t\t\tmargin: auto;\n\t\t\t}\n\t\t\t#gallery-1 .gallery-item {\n\t\t\t\tfloat: left;\n\t\t\t\tmargin-top: 10px;\n\t\t\t\ttext-align: center;\n\t\t\t\twidth: 33%;\n\t\t\t}\n\t\t\t#gallery-1 img {\n\t\t\t\tborder: 2px solid #cfcfcf;\n\t\t\t}\n\t\t\t#gallery-1 .gallery-caption {\n\t\t\t\tmargin-left: 0;\n\t\t\t}\n\t\t\t\/* see gallery_shortcode() in wp-includes\/media.php *\/\n\t\t<\/style>\n\t\t<div id='gallery-1' class='gallery galleryid-144 gallery-columns-3 gallery-size-thumbnail'><dl class='gallery-item'>\n\t\t\t<dt class='gallery-icon portrait'>\n\t\t\t\t<a href='https:\/\/www.anne-lan.com\/?attachment_id=188'><img loading=\"lazy\" decoding=\"async\" width=\"150\" height=\"150\" src=\"https:\/\/www.anne-lan.com\/wp-content\/uploads\/2018\/01\/1_dessin_preparatoire_ete_2006-150x150.jpg\" class=\"attachment-thumbnail size-thumbnail\" alt=\"\" srcset=\"https:\/\/www.anne-lan.com\/wp-content\/uploads\/2018\/01\/1_dessin_preparatoire_ete_2006-150x150.jpg 150w, https:\/\/www.anne-lan.com\/wp-content\/uploads\/2018\/01\/1_dessin_preparatoire_ete_2006-100x100.jpg 100w\" sizes=\"auto, (max-width: 150px) 100vw, 150px\" \/><\/a>\n\t\t\t<\/dt><\/dl><dl class='gallery-item'>\n\t\t\t<dt class='gallery-icon portrait'>\n\t\t\t\t<a href='https:\/\/www.anne-lan.com\/?attachment_id=189'><img loading=\"lazy\" decoding=\"async\" width=\"150\" height=\"150\" src=\"https:\/\/www.anne-lan.com\/wp-content\/uploads\/2018\/01\/2_dessin_preparatoire-150x150.jpg\" class=\"attachment-thumbnail size-thumbnail\" alt=\"\" srcset=\"https:\/\/www.anne-lan.com\/wp-content\/uploads\/2018\/01\/2_dessin_preparatoire-150x150.jpg 150w, https:\/\/www.anne-lan.com\/wp-content\/uploads\/2018\/01\/2_dessin_preparatoire-100x100.jpg 100w\" sizes=\"auto, (max-width: 150px) 100vw, 150px\" \/><\/a>\n\t\t\t<\/dt><\/dl><dl class='gallery-item'>\n\t\t\t<dt class='gallery-icon landscape'>\n\t\t\t\t<a href='https:\/\/www.anne-lan.com\/?attachment_id=190'><img loading=\"lazy\" decoding=\"async\" width=\"150\" height=\"150\" src=\"https:\/\/www.anne-lan.com\/wp-content\/uploads\/2018\/01\/3_dessin_detail-150x150.jpg\" class=\"attachment-thumbnail size-thumbnail\" alt=\"\" srcset=\"https:\/\/www.anne-lan.com\/wp-content\/uploads\/2018\/01\/3_dessin_detail-150x150.jpg 150w, https:\/\/www.anne-lan.com\/wp-content\/uploads\/2018\/01\/3_dessin_detail-100x100.jpg 100w\" sizes=\"auto, (max-width: 150px) 100vw, 150px\" \/><\/a>\n\t\t\t<\/dt><\/dl><br style=\"clear: both\" \/><dl class='gallery-item'>\n\t\t\t<dt class='gallery-icon landscape'>\n\t\t\t\t<a href='https:\/\/www.anne-lan.com\/?attachment_id=191'><img loading=\"lazy\" decoding=\"async\" width=\"150\" height=\"150\" src=\"https:\/\/www.anne-lan.com\/wp-content\/uploads\/2018\/01\/4_dessin_detail-150x150.jpg\" class=\"attachment-thumbnail size-thumbnail\" alt=\"\" srcset=\"https:\/\/www.anne-lan.com\/wp-content\/uploads\/2018\/01\/4_dessin_detail-150x150.jpg 150w, https:\/\/www.anne-lan.com\/wp-content\/uploads\/2018\/01\/4_dessin_detail-100x100.jpg 100w\" sizes=\"auto, (max-width: 150px) 100vw, 150px\" \/><\/a>\n\t\t\t<\/dt><\/dl><dl class='gallery-item'>\n\t\t\t<dt class='gallery-icon landscape'>\n\t\t\t\t<a href='https:\/\/www.anne-lan.com\/?attachment_id=192'><img loading=\"lazy\" decoding=\"async\" width=\"150\" height=\"150\" src=\"https:\/\/www.anne-lan.com\/wp-content\/uploads\/2018\/01\/5_debut_peinture_automne_2006-150x150.jpg\" class=\"attachment-thumbnail size-thumbnail\" alt=\"\" srcset=\"https:\/\/www.anne-lan.com\/wp-content\/uploads\/2018\/01\/5_debut_peinture_automne_2006-150x150.jpg 150w, https:\/\/www.anne-lan.com\/wp-content\/uploads\/2018\/01\/5_debut_peinture_automne_2006-100x100.jpg 100w\" sizes=\"auto, (max-width: 150px) 100vw, 150px\" \/><\/a>\n\t\t\t<\/dt><\/dl><dl class='gallery-item'>\n\t\t\t<dt class='gallery-icon portrait'>\n\t\t\t\t<a href='https:\/\/www.anne-lan.com\/?attachment_id=193'><img loading=\"lazy\" decoding=\"async\" width=\"150\" height=\"150\" src=\"https:\/\/www.anne-lan.com\/wp-content\/uploads\/2018\/01\/6_reprise_tableau_printemps_2008-150x150.jpg\" class=\"attachment-thumbnail size-thumbnail\" alt=\"\" srcset=\"https:\/\/www.anne-lan.com\/wp-content\/uploads\/2018\/01\/6_reprise_tableau_printemps_2008-150x150.jpg 150w, https:\/\/www.anne-lan.com\/wp-content\/uploads\/2018\/01\/6_reprise_tableau_printemps_2008-100x100.jpg 100w\" sizes=\"auto, (max-width: 150px) 100vw, 150px\" \/><\/a>\n\t\t\t<\/dt><\/dl><br style=\"clear: both\" \/><dl class='gallery-item'>\n\t\t\t<dt class='gallery-icon portrait'>\n\t\t\t\t<a href='https:\/\/www.anne-lan.com\/?attachment_id=194'><img loading=\"lazy\" decoding=\"async\" width=\"150\" height=\"150\" src=\"https:\/\/www.anne-lan.com\/wp-content\/uploads\/2018\/01\/7_peinture-150x150.jpg\" class=\"attachment-thumbnail size-thumbnail\" alt=\"\" srcset=\"https:\/\/www.anne-lan.com\/wp-content\/uploads\/2018\/01\/7_peinture-150x150.jpg 150w, https:\/\/www.anne-lan.com\/wp-content\/uploads\/2018\/01\/7_peinture-100x100.jpg 100w\" sizes=\"auto, (max-width: 150px) 100vw, 150px\" \/><\/a>\n\t\t\t<\/dt><\/dl><dl class='gallery-item'>\n\t\t\t<dt class='gallery-icon portrait'>\n\t\t\t\t<a href='https:\/\/www.anne-lan.com\/?attachment_id=195'><img loading=\"lazy\" decoding=\"async\" width=\"150\" height=\"150\" src=\"https:\/\/www.anne-lan.com\/wp-content\/uploads\/2018\/01\/8_dessin_au_cornet-150x150.jpg\" class=\"attachment-thumbnail size-thumbnail\" alt=\"\" srcset=\"https:\/\/www.anne-lan.com\/wp-content\/uploads\/2018\/01\/8_dessin_au_cornet-150x150.jpg 150w, https:\/\/www.anne-lan.com\/wp-content\/uploads\/2018\/01\/8_dessin_au_cornet-100x100.jpg 100w\" sizes=\"auto, (max-width: 150px) 100vw, 150px\" \/><\/a>\n\t\t\t<\/dt><\/dl><dl class='gallery-item'>\n\t\t\t<dt class='gallery-icon portrait'>\n\t\t\t\t<a href='https:\/\/www.anne-lan.com\/?attachment_id=196'><img loading=\"lazy\" decoding=\"async\" width=\"150\" height=\"150\" src=\"https:\/\/www.anne-lan.com\/wp-content\/uploads\/2018\/01\/9_finition_des_details-150x150.jpg\" class=\"attachment-thumbnail size-thumbnail\" alt=\"\" srcset=\"https:\/\/www.anne-lan.com\/wp-content\/uploads\/2018\/01\/9_finition_des_details-150x150.jpg 150w, https:\/\/www.anne-lan.com\/wp-content\/uploads\/2018\/01\/9_finition_des_details-100x100.jpg 100w\" sizes=\"auto, (max-width: 150px) 100vw, 150px\" \/><\/a>\n\t\t\t<\/dt><\/dl><br style=\"clear: both\" \/><dl class='gallery-item'>\n\t\t\t<dt class='gallery-icon landscape'>\n\t\t\t\t<a href='https:\/\/www.anne-lan.com\/?attachment_id=197'><img loading=\"lazy\" decoding=\"async\" width=\"150\" height=\"150\" src=\"https:\/\/www.anne-lan.com\/wp-content\/uploads\/2018\/01\/10_dessin_preparatoire_et_tableau_acheve_juillet_2008-150x150.jpg\" class=\"attachment-thumbnail size-thumbnail\" alt=\"\" srcset=\"https:\/\/www.anne-lan.com\/wp-content\/uploads\/2018\/01\/10_dessin_preparatoire_et_tableau_acheve_juillet_2008-150x150.jpg 150w, https:\/\/www.anne-lan.com\/wp-content\/uploads\/2018\/01\/10_dessin_preparatoire_et_tableau_acheve_juillet_2008-100x100.jpg 100w\" sizes=\"auto, (max-width: 150px) 100vw, 150px\" \/><\/a>\n\t\t\t<\/dt><\/dl><dl class='gallery-item'>\n\t\t\t<dt class='gallery-icon portrait'>\n\t\t\t\t<a href='https:\/\/www.anne-lan.com\/?attachment_id=198'><img loading=\"lazy\" decoding=\"async\" width=\"150\" height=\"150\" src=\"https:\/\/www.anne-lan.com\/wp-content\/uploads\/2018\/01\/11_tableau_termine-150x150.jpg\" class=\"attachment-thumbnail size-thumbnail\" alt=\"\" srcset=\"https:\/\/www.anne-lan.com\/wp-content\/uploads\/2018\/01\/11_tableau_termine-150x150.jpg 150w, https:\/\/www.anne-lan.com\/wp-content\/uploads\/2018\/01\/11_tableau_termine-100x100.jpg 100w\" sizes=\"auto, (max-width: 150px) 100vw, 150px\" \/><\/a>\n\t\t\t<\/dt><\/dl>\n\t\t\t<br style='clear: both' \/>\n\t\t<\/div>\n\n<ul>\n<li>\n<h2>Etape 1\u00a0: Dessin pr\u00e9paratoire tr\u00e8s pr\u00e9cis au crayon sur calque avec tous les d\u00e9tails anatomiques et de composition.<\/h2>\n<\/li>\n<\/ul>\n<p>Toute oeuvre commence par une \u00e9tude et un dessin pr\u00e9paratoire sur un papier calque au crayon \u00e0 papier.<br \/>\nJ&rsquo;use un crayon entier par dessin !<\/p>\n\n\t\t<style type=\"text\/css\">\n\t\t\t#gallery-2 {\n\t\t\t\tmargin: auto;\n\t\t\t}\n\t\t\t#gallery-2 .gallery-item {\n\t\t\t\tfloat: left;\n\t\t\t\tmargin-top: 10px;\n\t\t\t\ttext-align: center;\n\t\t\t\twidth: 33%;\n\t\t\t}\n\t\t\t#gallery-2 img {\n\t\t\t\tborder: 2px solid #cfcfcf;\n\t\t\t}\n\t\t\t#gallery-2 .gallery-caption {\n\t\t\t\tmargin-left: 0;\n\t\t\t}\n\t\t\t\/* see gallery_shortcode() in wp-includes\/media.php *\/\n\t\t<\/style>\n\t\t<div id='gallery-2' class='gallery galleryid-144 gallery-columns-3 gallery-size-thumbnail'><dl class='gallery-item'>\n\t\t\t<dt class='gallery-icon portrait'>\n\t\t\t\t<a href='https:\/\/www.anne-lan.com\/?attachment_id=172'><img loading=\"lazy\" decoding=\"async\" width=\"150\" height=\"150\" src=\"https:\/\/www.anne-lan.com\/wp-content\/uploads\/2018\/01\/dessin_04-150x150.jpg\" class=\"attachment-thumbnail size-thumbnail\" alt=\"\" srcset=\"https:\/\/www.anne-lan.com\/wp-content\/uploads\/2018\/01\/dessin_04-150x150.jpg 150w, https:\/\/www.anne-lan.com\/wp-content\/uploads\/2018\/01\/dessin_04-100x100.jpg 100w\" sizes=\"auto, (max-width: 150px) 100vw, 150px\" \/><\/a>\n\t\t\t<\/dt><\/dl><dl class='gallery-item'>\n\t\t\t<dt class='gallery-icon portrait'>\n\t\t\t\t<a href='https:\/\/www.anne-lan.com\/?attachment_id=171'><img loading=\"lazy\" decoding=\"async\" width=\"150\" height=\"150\" src=\"https:\/\/www.anne-lan.com\/wp-content\/uploads\/2018\/01\/dessin_03-150x150.jpg\" class=\"attachment-thumbnail size-thumbnail\" alt=\"\" srcset=\"https:\/\/www.anne-lan.com\/wp-content\/uploads\/2018\/01\/dessin_03-150x150.jpg 150w, https:\/\/www.anne-lan.com\/wp-content\/uploads\/2018\/01\/dessin_03-100x100.jpg 100w\" sizes=\"auto, (max-width: 150px) 100vw, 150px\" \/><\/a>\n\t\t\t<\/dt><\/dl><dl class='gallery-item'>\n\t\t\t<dt class='gallery-icon landscape'>\n\t\t\t\t<a href='https:\/\/www.anne-lan.com\/?attachment_id=170'><img loading=\"lazy\" decoding=\"async\" width=\"150\" height=\"150\" src=\"https:\/\/www.anne-lan.com\/wp-content\/uploads\/2018\/01\/dessin_02-150x150.jpg\" class=\"attachment-thumbnail size-thumbnail\" alt=\"\" srcset=\"https:\/\/www.anne-lan.com\/wp-content\/uploads\/2018\/01\/dessin_02-150x150.jpg 150w, https:\/\/www.anne-lan.com\/wp-content\/uploads\/2018\/01\/dessin_02-100x100.jpg 100w\" sizes=\"auto, (max-width: 150px) 100vw, 150px\" \/><\/a>\n\t\t\t<\/dt><\/dl><br style=\"clear: both\" \/><dl class='gallery-item'>\n\t\t\t<dt class='gallery-icon landscape'>\n\t\t\t\t<a href='https:\/\/www.anne-lan.com\/?attachment_id=169'><img loading=\"lazy\" decoding=\"async\" width=\"150\" height=\"150\" src=\"https:\/\/www.anne-lan.com\/wp-content\/uploads\/2018\/01\/dessin_01-150x150.jpg\" class=\"attachment-thumbnail size-thumbnail\" alt=\"\" srcset=\"https:\/\/www.anne-lan.com\/wp-content\/uploads\/2018\/01\/dessin_01-150x150.jpg 150w, https:\/\/www.anne-lan.com\/wp-content\/uploads\/2018\/01\/dessin_01-100x100.jpg 100w\" sizes=\"auto, (max-width: 150px) 100vw, 150px\" \/><\/a>\n\t\t\t<\/dt><\/dl>\n\t\t\t<br style='clear: both' \/>\n\t\t<\/div>\n\n<ul>\n<li>\n<h2>Etape 2\u00a0: Relev\u00e9 \u00e0 l\u2019encre de chine avec un seul trait sur papier calque. Ce dessin plac\u00e9 sous la soie servira de guide<\/h2>\n<\/li>\n<\/ul>\n<p>La soie tendue sur un ch\u00e2ssis, on dessine avec de la \u00ab Gutta \u00bb, sorte de serti qui permet de d\u00e9limiter le dessin et de contenir les couleurs liquides qui diffusent en tous sens. Ce trait extr\u00eamement pr\u00e9cis ne doit \u00eatre ni trop \u00e9pais ni trop l\u00e9ger. La Gutta est contenue dans un petit cornet de papier fleuriste (il en faut de 100 \u00e0 200 par tableau !)<\/p>\n<p>Sous la soie blanche on place le dessin pr\u00e9paratoire repris \u00e0 l&rsquo;encre de chine et on suit le trac\u00e9 par transparence avec la Gutta.<\/p>\n<p>La Gutta permet de d\u00e9limiter\u00a0les contours et \u00e9vite la diffusion non d\u00e9sir\u00e9e\u00a0de la peinture d&rsquo;une zone \u00e0 l&rsquo;autre.<\/p>\n\n\t\t<style type=\"text\/css\">\n\t\t\t#gallery-3 {\n\t\t\t\tmargin: auto;\n\t\t\t}\n\t\t\t#gallery-3 .gallery-item {\n\t\t\t\tfloat: left;\n\t\t\t\tmargin-top: 10px;\n\t\t\t\ttext-align: center;\n\t\t\t\twidth: 33%;\n\t\t\t}\n\t\t\t#gallery-3 img {\n\t\t\t\tborder: 2px solid #cfcfcf;\n\t\t\t}\n\t\t\t#gallery-3 .gallery-caption {\n\t\t\t\tmargin-left: 0;\n\t\t\t}\n\t\t\t\/* see gallery_shortcode() in wp-includes\/media.php *\/\n\t\t<\/style>\n\t\t<div id='gallery-3' class='gallery galleryid-144 gallery-columns-3 gallery-size-thumbnail'><dl class='gallery-item'>\n\t\t\t<dt class='gallery-icon landscape'>\n\t\t\t\t<a href='https:\/\/www.anne-lan.com\/?attachment_id=175'><img loading=\"lazy\" decoding=\"async\" width=\"150\" height=\"150\" src=\"https:\/\/www.anne-lan.com\/wp-content\/uploads\/2018\/01\/guta_01-150x150.jpg\" class=\"attachment-thumbnail size-thumbnail\" alt=\"\" srcset=\"https:\/\/www.anne-lan.com\/wp-content\/uploads\/2018\/01\/guta_01-150x150.jpg 150w, https:\/\/www.anne-lan.com\/wp-content\/uploads\/2018\/01\/guta_01-100x100.jpg 100w\" sizes=\"auto, (max-width: 150px) 100vw, 150px\" \/><\/a>\n\t\t\t<\/dt><\/dl><dl class='gallery-item'>\n\t\t\t<dt class='gallery-icon landscape'>\n\t\t\t\t<a href='https:\/\/www.anne-lan.com\/?attachment_id=176'><img loading=\"lazy\" decoding=\"async\" width=\"150\" height=\"150\" src=\"https:\/\/www.anne-lan.com\/wp-content\/uploads\/2018\/01\/guta_02-150x150.jpg\" class=\"attachment-thumbnail size-thumbnail\" alt=\"\" srcset=\"https:\/\/www.anne-lan.com\/wp-content\/uploads\/2018\/01\/guta_02-150x150.jpg 150w, https:\/\/www.anne-lan.com\/wp-content\/uploads\/2018\/01\/guta_02-100x100.jpg 100w\" sizes=\"auto, (max-width: 150px) 100vw, 150px\" \/><\/a>\n\t\t\t<\/dt><\/dl>\n\t\t\t<br style='clear: both' \/>\n\t\t<\/div>\n\n<ul>\n<li>\n<h2>Etape 3\u00a0: On sur\u00e9l\u00e8ve le cadre pour peindre : les couleurs sont des encres liquides, il faut travailler \u00e0 l\u2019horizontale.<\/h2>\n<\/li>\n<\/ul>\n<p>Pendant tout le temps de l\u2019ex\u00e9cution, il ne faut pas parler pour ne pas faire de taches et faire tr\u00e8s attention aux gouttes d\u2019encre. Toute erreur est impardonnable et oblige \u00e0 tout recommencer.<\/p>\n<p>La phase de peinture demande beaucoup de pr\u00e9cision, les encres ont tendance \u00e0 diffuser et il est impossible de revenir en arri\u00e8re !<\/p>\n<p>La moindre goutte, le moindre postillon fait une marque ind\u00e9l\u00e9bile. Je compose mes couleurs moi-m\u00eame en m\u00e9langeant des encres (DUPONT et Kniazeff) et je me trouve parfois avec une vingtaine de petits pots \u00e0 mes c\u00f4t\u00e9s&#8230;<\/p>\n\n\t\t<style type=\"text\/css\">\n\t\t\t#gallery-4 {\n\t\t\t\tmargin: auto;\n\t\t\t}\n\t\t\t#gallery-4 .gallery-item {\n\t\t\t\tfloat: left;\n\t\t\t\tmargin-top: 10px;\n\t\t\t\ttext-align: center;\n\t\t\t\twidth: 33%;\n\t\t\t}\n\t\t\t#gallery-4 img {\n\t\t\t\tborder: 2px solid #cfcfcf;\n\t\t\t}\n\t\t\t#gallery-4 .gallery-caption {\n\t\t\t\tmargin-left: 0;\n\t\t\t}\n\t\t\t\/* see gallery_shortcode() in wp-includes\/media.php *\/\n\t\t<\/style>\n\t\t<div id='gallery-4' class='gallery galleryid-144 gallery-columns-3 gallery-size-thumbnail'><dl class='gallery-item'>\n\t\t\t<dt class='gallery-icon portrait'>\n\t\t\t\t<a href='https:\/\/www.anne-lan.com\/?attachment_id=179'><img loading=\"lazy\" decoding=\"async\" width=\"150\" height=\"150\" src=\"https:\/\/www.anne-lan.com\/wp-content\/uploads\/2018\/01\/peinture_01-150x150.jpg\" class=\"attachment-thumbnail size-thumbnail\" alt=\"\" srcset=\"https:\/\/www.anne-lan.com\/wp-content\/uploads\/2018\/01\/peinture_01-150x150.jpg 150w, https:\/\/www.anne-lan.com\/wp-content\/uploads\/2018\/01\/peinture_01-100x100.jpg 100w\" sizes=\"auto, (max-width: 150px) 100vw, 150px\" \/><\/a>\n\t\t\t<\/dt><\/dl><dl class='gallery-item'>\n\t\t\t<dt class='gallery-icon portrait'>\n\t\t\t\t<a href='https:\/\/www.anne-lan.com\/?attachment_id=180'><img loading=\"lazy\" decoding=\"async\" width=\"150\" height=\"150\" src=\"https:\/\/www.anne-lan.com\/wp-content\/uploads\/2018\/01\/feuille_or_01-150x150.jpg\" class=\"attachment-thumbnail size-thumbnail\" alt=\"\" srcset=\"https:\/\/www.anne-lan.com\/wp-content\/uploads\/2018\/01\/feuille_or_01-150x150.jpg 150w, https:\/\/www.anne-lan.com\/wp-content\/uploads\/2018\/01\/feuille_or_01-100x100.jpg 100w\" sizes=\"auto, (max-width: 150px) 100vw, 150px\" \/><\/a>\n\t\t\t<\/dt><\/dl>\n\t\t\t<br style='clear: both' \/>\n\t\t<\/div>\n\n<p>&nbsp;<\/p>\n<ul>\n<li>\n<h2>Etape 4\u00a0: Quand le tableau est peint il faut fixer les couleurs dans des vapeurs chaudes ; c\u2019est un travail de professionnel.<\/h2>\n<\/li>\n<\/ul>\n<p>Les couleurs fix\u00e9es ne peuvent plus \u00eatre alt\u00e9r\u00e9es. On met sous la soie un coton blanc pour la renforcer puis on la tend sur un ch\u00e2ssis comme une toile de lin. Le choix de l&rsquo;encadrement est tr\u00e8s important car il met en valeur le tableau.<\/p>\n<p>La fixation est l&rsquo;\u00e9tape finale qui permet de mettre le tableau \u00e0 l&rsquo;abri des d\u00e9t\u00e9riorations. Les couleurs deviennent un peu plus soutenues et ne redoutent plus l&rsquo;eau. Il faudra cependant faire attention \u00e0 ne pas exposer le tableau \u00e0 la lumi\u00e8re du soleil ou de la lune ou \u00e0 des \u00e9clairages directes trop violents.<\/p>\n<p>J&rsquo;essaye toujours d&rsquo;accorder l&rsquo;encadrement avec le sujet ; pour le th\u00e8me d&rsquo;Apollon j&rsquo;avais choisi une bordure argent en forme de feuille de laurier, pour Diktynna et sa grande vague, l&rsquo;encadrement forme des motifs qui rappellent des gouttes d&rsquo;eau&#8230;<\/p>\n<p><strong>Chaque tableau d\u2019Anne-Lan demande entre 1 et 3 mois de travail.<\/strong><\/p>\n","protected":false},"excerpt":{"rendered":"<p>Les diff\u00e9rentes \u00e9tapes de la Peinture sur Soie Etape 1\u00a0: Dessin pr\u00e9paratoire tr\u00e8s pr\u00e9cis au crayon sur calque avec tous les d\u00e9tails anatomiques et de composition. Toute oeuvre commence par une \u00e9tude et un dessin pr\u00e9paratoire sur un papier calque&#8230; <a class=\"more-link\" href=\"https:\/\/www.anne-lan.com\/?page_id=144\">Continue Reading &rarr;<\/a><\/p>\n","protected":false},"author":1,"featured_media":198,"parent":0,"menu_order":0,"comment_status":"closed","ping_status":"closed","template":"","meta":{"footnotes":""},"class_list":["post-144","page","type-page","status-publish","has-post-thumbnail","hentry"],"_links":{"self":[{"href":"https:\/\/www.anne-lan.com\/index.php?rest_route=\/wp\/v2\/pages\/144","targetHints":{"allow":["GET"]}}],"collection":[{"href":"https:\/\/www.anne-lan.com\/index.php?rest_route=\/wp\/v2\/pages"}],"about":[{"href":"https:\/\/www.anne-lan.com\/index.php?rest_route=\/wp\/v2\/types\/page"}],"author":[{"embeddable":true,"href":"https:\/\/www.anne-lan.com\/index.php?rest_route=\/wp\/v2\/users\/1"}],"replies":[{"embeddable":true,"href":"https:\/\/www.anne-lan.com\/index.php?rest_route=%2Fwp%2Fv2%2Fcomments&post=144"}],"version-history":[{"count":0,"href":"https:\/\/www.anne-lan.com\/index.php?rest_route=\/wp\/v2\/pages\/144\/revisions"}],"wp:featuredmedia":[{"embeddable":true,"href":"https:\/\/www.anne-lan.com\/index.php?rest_route=\/wp\/v2\/media\/198"}],"wp:attachment":[{"href":"https:\/\/www.anne-lan.com\/index.php?rest_route=%2Fwp%2Fv2%2Fmedia&parent=144"}],"curies":[{"name":"wp","href":"https:\/\/api.w.org\/{rel}","templated":true}]}}